{"id":55,"date":"2017-02-12T16:56:22","date_gmt":"2017-02-12T15:56:22","guid":{"rendered":"https:\/\/www.maxbraun.com\/perso\/?page_id=55"},"modified":"2017-02-12T16:56:22","modified_gmt":"2017-02-12T15:56:22","slug":"legislation-nationale-reglements","status":"publish","type":"page","link":"https:\/\/www.maxbraun.com\/perso\/legislation-nationale-reglements\/","title":{"rendered":"L\u00e9gislation nationale &#8211; r\u00e8glements"},"content":{"rendered":"<p><strong>R\u00e8glement grand-ducal du 1er f\u00e9vrier 2010 portant pr\u00e9cision de certaines dispositions de la loi modifi\u00e9e du 12 novembre 2004 relative \u00e0 la lutte contre le blanchiment et contre le financement du terrorisme<\/strong><\/p>\n<p><a href=\"http:\/\/www.cssf.lu\/fileadmin\/files\/Lois_reglements\/Legislation\/RG_NAT\/rgd_lbc_ft_01022010_upd050815.pdf\" target=\"_blank\">Version coordonn\u00e9e sur le site Internet de la CSSF<\/a><\/p>\n<p>&nbsp;<\/p>\n<p><strong>R\u00e8glement grand-ducal du 29 octobre 2010 portant ex\u00e9cution de la loi du 27 octobre 2010 relative \u00e0 la mise en oeuvre de r\u00e9solutions du Conseil de S\u00e9curit\u00e9 des Nations Unies et d\u2019actes adopt\u00e9s par l\u2019Union europ\u00e9enne comportant des interdictions et mesures restrictives en mati\u00e8re financi\u00e8re \u00e0 l\u2019encontre de certaines personnes, entit\u00e9s et groupes dans le cadre de la lutte contre le financement du terrorisme<\/strong><\/p>\n<p><a href=\"http:\/\/www.cssf.lu\/fileadmin\/files\/Lois_reglements\/Legislation\/RG_NAT\/Rgd_291010_mes_restr_upd030811.pdf\" target=\"_blank\">Version coordonn\u00e9e sur le site Internet de la CSSF<\/a><\/p>\n","protected":false},"excerpt":{"rendered":"<p>R\u00e8glement grand-ducal du 1er f\u00e9vrier 2010 portant pr\u00e9cision de certaines dispositions de la loi modifi\u00e9e du 12 novembre 2004 relative \u00e0 la [&hellip;]<\/p>\n","protected":false},"author":1,"featured_media":0,"parent":0,"menu_order":0,"comment_status":"closed","ping_status":"closed","template":"","meta":{"footnotes":""},"class_list":["post-55","page","type-page","status-publish","hentry"],"_links":{"self":[{"href":"https:\/\/www.maxbraun.com\/perso\/wp-json\/wp\/v2\/pages\/55","targetHints":{"allow":["GET"]}}],"collection":[{"href":"https:\/\/www.maxbraun.com\/perso\/wp-json\/wp\/v2\/pages"}],"about":[{"href":"https:\/\/www.maxbraun.com\/perso\/wp-json\/wp\/v2\/types\/page"}],"author":[{"embeddable":true,"href":"https:\/\/www.maxbraun.com\/perso\/wp-json\/wp\/v2\/users\/1"}],"replies":[{"embeddable":true,"href":"https:\/\/www.maxbraun.com\/perso\/wp-json\/wp\/v2\/comments?post=55"}],"version-history":[{"count":1,"href":"https:\/\/www.maxbraun.com\/perso\/wp-json\/wp\/v2\/pages\/55\/revisions"}],"predecessor-version":[{"id":56,"href":"https:\/\/www.maxbraun.com\/perso\/wp-json\/wp\/v2\/pages\/55\/revisions\/56"}],"wp:attachment":[{"href":"https:\/\/www.maxbraun.com\/perso\/wp-json\/wp\/v2\/media?parent=55"}],"curies":[{"name":"wp","href":"https:\/\/api.w.org\/{rel}","templated":true}]}}