{"id":57,"date":"2017-02-12T16:56:47","date_gmt":"2017-02-12T15:56:47","guid":{"rendered":"https:\/\/www.maxbraun.com\/perso\/?page_id=57"},"modified":"2017-02-12T16:56:47","modified_gmt":"2017-02-12T15:56:47","slug":"legislation-nationale-reglement-cssf","status":"publish","type":"page","link":"https:\/\/www.maxbraun.com\/perso\/legislation-nationale-reglement-cssf\/","title":{"rendered":"L\u00e9gislation nationale &#8211; r\u00e8glement CSSF"},"content":{"rendered":"<p><strong>R\u00e8glement CSSF N\u00b0 12-02 du 14 d\u00e9cembre 2012 relatif \u00e0 la lutte contre le blanchiment et contre le financement du terrorisme<\/strong><br \/>\nLien sur le <a href=\"http:\/\/www.cssf.lu\/fileadmin\/files\/Lois_reglements\/Legislation\/RG_CSSF\/RCSSF_No12-02.pdf\" target=\"_blank\">site de la CSSF<\/a><\/p>\n","protected":false},"excerpt":{"rendered":"<p>R\u00e8glement CSSF N\u00b0 12-02 du 14 d\u00e9cembre 2012 relatif \u00e0 la lutte contre le blanchiment et contre le financement du terrorisme Lien [&hellip;]<\/p>\n","protected":false},"author":1,"featured_media":0,"parent":0,"menu_order":0,"comment_status":"closed","ping_status":"closed","template":"","meta":{"footnotes":""},"class_list":["post-57","page","type-page","status-publish","hentry"],"_links":{"self":[{"href":"https:\/\/www.maxbraun.com\/perso\/wp-json\/wp\/v2\/pages\/57","targetHints":{"allow":["GET"]}}],"collection":[{"href":"https:\/\/www.maxbraun.com\/perso\/wp-json\/wp\/v2\/pages"}],"about":[{"href":"https:\/\/www.maxbraun.com\/perso\/wp-json\/wp\/v2\/types\/page"}],"author":[{"embeddable":true,"href":"https:\/\/www.maxbraun.com\/perso\/wp-json\/wp\/v2\/users\/1"}],"replies":[{"embeddable":true,"href":"https:\/\/www.maxbraun.com\/perso\/wp-json\/wp\/v2\/comments?post=57"}],"version-history":[{"count":1,"href":"https:\/\/www.maxbraun.com\/perso\/wp-json\/wp\/v2\/pages\/57\/revisions"}],"predecessor-version":[{"id":58,"href":"https:\/\/www.maxbraun.com\/perso\/wp-json\/wp\/v2\/pages\/57\/revisions\/58"}],"wp:attachment":[{"href":"https:\/\/www.maxbraun.com\/perso\/wp-json\/wp\/v2\/media?parent=57"}],"curies":[{"name":"wp","href":"https:\/\/api.w.org\/{rel}","templated":true}]}}