{"id":59,"date":"2017-02-12T16:57:14","date_gmt":"2017-02-12T15:57:14","guid":{"rendered":"https:\/\/www.maxbraun.com\/perso\/?page_id=59"},"modified":"2018-06-28T09:53:33","modified_gmt":"2018-06-28T07:53:33","slug":"textes-communautaires","status":"publish","type":"page","link":"https:\/\/www.maxbraun.com\/perso\/textes-communautaires\/","title":{"rendered":"Textes communautaires"},"content":{"rendered":"<p>5\u00e8me directive:<br \/>\n<strong>Directive (UE) 2018\/843 du Parlement europ\u00e9en et du Conseil du 0 mai 2018 modifiant la directive (UE) 2015\/849 relative \u00e0 la pr\u00e9vention de l\u2019utilisation du syst\u00e8me financieraux fins du blanchiment de capitaux ou du financement du terrorisme ainsi que les directives 2009\/138\/CE et 2013\/36\/UE<br \/>\n<\/strong><a href=\"https:\/\/eur-lex.europa.eu\/legal-content\/FR\/TXT\/PDF\/?uri=CELEX:32018L0843&amp;from=FR\" target=\"_blank\" rel=\"noopener\">Lien sur le site de l&rsquo;UE<\/a><\/p>\n<p>4\u00e8me directive:<br \/>\n<strong>Directive (UE) 2015\/849 du Parlement europ\u00e9en et du Conseil du 20 mai 2015 relative \u00e0 la pr\u00e9vention de l&rsquo;utilisation du syst\u00e8me financier aux fins du blanchiment de capitaux ou du financement du terrorisme, modifiant le r\u00e8glement (UE) n\u00b0 648\/2012 du Parlement europ\u00e9en et du Conseil et abrogeant la directive 2005\/60\/CE du Parlement europ\u00e9en et du Conseil et la directive 2006\/70\/CE de la Commission<br \/>\n<\/strong><a href=\"http:\/\/eur-lex.europa.eu\/legal-content\/FR\/TXT\/PDF\/?uri=CELEX:32015L0849&amp;from=FR\" target=\"_blank\" rel=\"noopener\">Lien sur le site de l&rsquo;UE<\/a><\/p>\n<p style=\"padding-left: 30px;\">3\u00e8me directive (abrog\u00e9e par la 4\u00e8me directive avec effet au 26 juin 2017)<br \/>\n<strong>Directive 2005\/60\/CE du Parlement Europ\u00e9en et du Conseil du 26 octobre 2005 relative \u00e0 la pr\u00e9vention de l&rsquo;utilisation du syst\u00e8me financier aux fins du blanchiment de capitaux et du financement du terrorisme<\/strong><br \/>\n<a href=\"http:\/\/eur-lex.europa.eu\/LexUriServ\/LexUriServ.do?uri=OJ:L:2005:309:0015:0036:fr:PDF\" target=\"_blank\" rel=\"noopener\">Lien sur le site de l&rsquo;UE<\/a><\/p>\n<p style=\"padding-left: 30px;\"><strong>Directive 2006\/70\/CE de la Commission du 1er ao\u00fbt 2006 portant mesures de mise en \u0153uvre de la directive 2005\/60\/CE du Parlement europ\u00e9en et du Conseil pour ce qui concerne la d\u00e9finition des \u00abpersonnes politiquement expos\u00e9es\u00bb et les conditions techniques de l\u2019application d\u2019obligations simplifi\u00e9es de vigilance \u00e0 l&rsquo;\u00e9gard de la client\u00e8le ainsi que de l&rsquo;exemption au motif d\u2019une activit\u00e9 financi\u00e8re exerc\u00e9e \u00e0 titre occasionnel ou \u00e0 une \u00e9chelle tr\u00e8s limit\u00e9e<\/strong> (abrog\u00e9e par la 4\u00e8me directive avec effet au 26 juin 2017)<br \/>\n<a href=\"http:\/\/eur-lex.europa.eu\/LexUriServ\/LexUriServ.do?uri=OJ:L:2006:214:0029:0034:FR:PDF\" target=\"_blank\" rel=\"noopener\">Lien sur le site de l&rsquo;UE<\/a><\/p>\n<p><strong>Directive 2014\/42\/UE du Parlement europ\u00e9en et du Conseil du 3 avril 2014 concernant le gel et la confiscation des instruments et des produits du crime dans l&rsquo;Union europ\u00e9enne<br \/>\n<\/strong><a href=\"http:\/\/eur-lex.europa.eu\/legal-content\/FR\/TXT\/PDF\/?uri=CELEX:32014L0042&amp;from=FR\" target=\"_blank\" rel=\"noopener\">Lien sur le site de l&rsquo;UE<\/a><\/p>\n<p><strong>R\u00e8glement (CE) 1889\/2005 du Parlement europ\u00e9en et du Conseil du 26 octobre 2005 relatif aux contr\u00f4les de l&rsquo;argent liquide entrant ou sortant de la Communaut\u00e9<\/strong><br \/>\n<a href=\"http:\/\/eur-lex.europa.eu\/legal-content\/FR\/TXT\/PDF\/?uri=CELEX:32005R1889&amp;from=FR\" target=\"_blank\" rel=\"noopener\">Lien sur le site de l&rsquo;UE<\/a><\/p>\n<p><strong>R\u00e8glement (UE) 2015\/847 du Parlement europ\u00e9en et du Conseil du 20 mai 2015 sur les informations accompagnant les transferts de fonds et abrogeant le r\u00e8glement (CE) n\u00b0 1781\/2006<br \/>\n<\/strong><a href=\"http:\/\/eur-lex.europa.eu\/legal-content\/FR\/TXT\/PDF\/?uri=CELEX:32015R0847&amp;from=FR\" target=\"_blank\" rel=\"noopener\">Lien sur le site de l&rsquo;UE<\/a><\/p>\n<p style=\"padding-left: 30px;\"><strong>R\u00e8glement (CE) 1781\/2006 du Parlement europ\u00e9en et du Conseil du 15 novembre 2006 relatif aux informations concernant le donneur d&rsquo;ordre accompagnant les virements de fonds<\/strong> (abrog\u00e9 par le R\u00e8glement (UE) 2015\/847, qui entrera en vigueur le 26 juin 2017)<br \/>\n<a href=\"http:\/\/eur-lex.europa.eu\/legal-content\/FR\/TXT\/PDF\/?uri=CELEX:32006R1781&amp;from=FR\" target=\"_blank\" rel=\"noopener\">Lien sur le site de l&rsquo;UE<\/a><\/p>\n<p><strong>R\u00e8glement (UE) 2016\/794 du Parlement europ\u00e9en et du Conseil du 11 mai 2016 relatif \u00e0 l&rsquo;Agence de l&rsquo;Union europ\u00e9enne pour la coop\u00e9ration des services r\u00e9pressifs (Europol) et rempla\u00e7ant et abrogeant les d\u00e9cisions du Conseil 2009\/371\/JAI, 2009\/934\/JAI, 2009\/935\/JAI, 2009\/936\/JAI et 2009\/968\/JAI<br \/>\n<\/strong><a href=\"http:\/\/eur-lex.europa.eu\/legal-content\/FR\/ALL\/?uri=CELEX%3A32016R0794\" target=\"_blank\" rel=\"noopener\">Lien sur le site de l&rsquo;UE<\/a><strong><br \/>\n<\/strong><\/p>\n<p><strong>D\u00e9cision cadre 2007\/845\/JAI du Conseil du 6 d\u00e9cembre 2007 relative \u00e0 la coop\u00e9ration entre les bureaux de recouvrement des avoirs des \u00c9tats membres en mati\u00e8re de d\u00e9pistage et d\u2019identification des produits du crime ou des autres biens en rapport avec le crime<\/strong><br \/>\n<a href=\"http:\/\/eur-lex.europa.eu\/legal-content\/FR\/TXT\/PDF\/?uri=CELEX:32007D0845&amp;from=FR\" target=\"_blank\" rel=\"noopener\">Lien sur le site de l&rsquo;UE<\/a><\/p>\n<p><strong>D\u00e9cision cadre 2001\/500\/JAI Conseil du 26 juin 2001 concernant le blanchiment d&rsquo;argent, l&rsquo;identification, le d\u00e9pistage, le gel ou la saisie et la confiscation des instruments et des produits du crime <\/strong><br \/>\n<a href=\"http:\/\/eur-lex.europa.eu\/legal-content\/FR\/TXT\/PDF\/?uri=CELEX:32001F0500&amp;from=FR\" target=\"_blank\" rel=\"noopener\">Lien sur le site de l&rsquo;UE<\/a><\/p>\n<p><strong>D\u00e9cision cadre 2007\/845\/JAI du Conseil du 6 d\u00e9cembre 2007 relative \u00e0 la coop\u00e9ration entre les bureaux de recouvrement des avoirs des \u00c9tats membres en mati\u00e8re de d\u00e9pistage et d\u2019identification des produits du crime ou des autres biens en rapport avec le crime<\/strong><br \/>\n<a href=\"http:\/\/eur-lex.europa.eu\/legal-content\/FR\/TXT\/PDF\/?uri=CELEX:32007D0845&amp;from=FR\" target=\"_blank\" rel=\"noopener\">Lien sur le site de l&rsquo;UE<\/a><\/p>\n<p><strong>D\u00e9cision-cadre du Conseil du 13 juin 2002 relative \u00e0 la lutte contre le terrorisme<\/strong><br \/>\n<a href=\"http:\/\/eur-lex.europa.eu\/legal-content\/FR\/TXT\/PDF\/?uri=CELEX:32002F0475&amp;from=FR\" target=\"_blank\" rel=\"noopener\">Lien sur le site de l&rsquo;UE<\/a><\/p>\n<hr \/>\n<p><strong>Textes abrog\u00e9s:<\/strong><\/p>\n<p style=\"padding-left: 30px;\">1\u00e8re directive:<br \/>\n<strong>Directive 91\/308\/CEE du Conseil, du 10 juin 1991, relative \u00e0 la pr\u00e9vention de l&rsquo;utilisation du syst\u00e8me financier aux fins du blanchiment de capitaux<\/strong><br \/>\n<a href=\"http:\/\/eur-lex.europa.eu\/legal-content\/FR\/TXT\/PDF\/?uri=CELEX:31991L0308&amp;from=FR\" target=\"_blank\" rel=\"noopener\">Lien sur le site de l&rsquo;UE<\/a><\/p>\n<p style=\"padding-left: 30px;\">2\u00e8me directive:<br \/>\n<strong>Directive 2001\/97\/CE du Parlement europ\u00e9en et du Conseil du 4 d\u00e9cembre 2001 modifiant la directive 91\/308\/CEE du Conseil relative \u00e0 la pr\u00e9vention de l&rsquo;utilisation du syst\u00e8me financier aux fins du blanchiment de capitaux<\/strong><br \/>\n<a href=\"http:\/\/eur-lex.europa.eu\/resource.html?uri=cellar:57ce32a4-2d5b-48f6-adb0-c1c4c7f7a192.0007.02\/DOC_1&amp;format=PDF\" target=\"_blank\" rel=\"noopener\">Lien sur le site de l&rsquo;UE<\/a><\/p>\n","protected":false},"excerpt":{"rendered":"<p>5\u00e8me directive: Directive (UE) 2018\/843 du Parlement europ\u00e9en et du Conseil du 0 mai 2018 modifiant la directive (UE) 2015\/849 relative \u00e0 [&hellip;]<\/p>\n","protected":false},"author":1,"featured_media":0,"parent":0,"menu_order":0,"comment_status":"closed","ping_status":"closed","template":"","meta":{"footnotes":""},"class_list":["post-59","page","type-page","status-publish","hentry"],"_links":{"self":[{"href":"https:\/\/www.maxbraun.com\/perso\/wp-json\/wp\/v2\/pages\/59","targetHints":{"allow":["GET"]}}],"collection":[{"href":"https:\/\/www.maxbraun.com\/perso\/wp-json\/wp\/v2\/pages"}],"about":[{"href":"https:\/\/www.maxbraun.com\/perso\/wp-json\/wp\/v2\/types\/page"}],"author":[{"embeddable":true,"href":"https:\/\/www.maxbraun.com\/perso\/wp-json\/wp\/v2\/users\/1"}],"replies":[{"embeddable":true,"href":"https:\/\/www.maxbraun.com\/perso\/wp-json\/wp\/v2\/comments?post=59"}],"version-history":[{"count":5,"href":"https:\/\/www.maxbraun.com\/perso\/wp-json\/wp\/v2\/pages\/59\/revisions"}],"predecessor-version":[{"id":161,"href":"https:\/\/www.maxbraun.com\/perso\/wp-json\/wp\/v2\/pages\/59\/revisions\/161"}],"wp:attachment":[{"href":"https:\/\/www.maxbraun.com\/perso\/wp-json\/wp\/v2\/media?parent=59"}],"curies":[{"name":"wp","href":"https:\/\/api.w.org\/{rel}","templated":true}]}}