{"id":69,"date":"2017-02-12T17:00:55","date_gmt":"2017-02-12T16:00:55","guid":{"rendered":"https:\/\/www.maxbraun.com\/perso\/?page_id=69"},"modified":"2018-03-08T16:52:33","modified_gmt":"2018-03-08T15:52:33","slug":"divers","status":"publish","type":"page","link":"https:\/\/www.maxbraun.com\/perso\/documentation\/divers\/","title":{"rendered":"Divers"},"content":{"rendered":"<p><strong>Coop\u00e9ration internationale:<\/strong><\/p>\n<p><strong>Convention europ\u00e9enne d&rsquo;entraide judiciaire en mati\u00e8re p\u00e9nale du 20 avril 1959<\/strong><br \/>\nLien sur le <a href=\"http:\/\/conventions.coe.int\/Treaty\/FR\/Treaties\/Html\/030.htm\" target=\"_blank\" rel=\"noopener\">site du Conseil de l&rsquo;Europe<\/a><\/p>\n<p><strong>Convention d&rsquo;application de l&rsquo;Accord de Schengen du 14 juin 1985 entre les gouvernement des \u00c9tats de l&rsquo;Union \u00e9conomique Benelux, de la R\u00e9publique f\u00e9d\u00e9rale d&rsquo;Allemagne et de la R\u00e9publique fran\u00e7aise relatif \u00e0 la suppression graduelle des contr\u00f4les aux fronti\u00e8res communes<\/strong><br \/>\nLien sur le <a href=\"http:\/\/eur-lex.europa.eu\/legal-content\/FR\/ALL\/?uri=CELEX:42000A0922%2802%29\" target=\"_blank\" rel=\"noopener\">site de l&rsquo;Union Europ\u00e9enne<\/a><\/p>\n<p><strong>Loi du 27 octobre 2010<\/strong> portant 1. approbation de la Convention du 29 mai 2000 relative \u00e0 l&rsquo;entraide judiciaire en mati\u00e8re p\u00e9nale entre les \u00c9tats membres de l&rsquo;Union europ\u00e9enne 2. approbation du Protocole du 16 octobre 2001 \u00e0 la Convention relative \u00e0 l&rsquo;entraide judiciaire en mati\u00e8re p\u00e9nale entre les \u00c9tats membres de l&rsquo;Union europ\u00e9enne 3. modification de certaines dispositions du Code d&rsquo;instruction criminelle et de la loi du 8 ao\u00fbt 2000 sur l&rsquo;entraide judiciaire internationale en mati\u00e8re p\u00e9nale<br \/>\nLien sur <a href=\"http:\/\/www.legilux.public.lu\/leg\/a\/archives\/2010\/0194\/a194.pdf\" target=\"_blank\" rel=\"noopener\">Legilux<\/a><\/p>\n<p><strong>Loi du 21 mars 2006 sur les \u00e9quipes communes d&rsquo;enqu\u00eate<\/strong><br \/>\nLien sur <a href=\"http:\/\/data.legilux.public.lu\/eli\/etat\/leg\/loi\/2006\/03\/21\/n1\/jo\" target=\"_blank\" rel=\"noopener\">Legilux<\/a><\/p>\n<ul>\n<li><strong>R\u00e9solution du Conseil relative \u00e0 un mod\u00e8le d\u2019accord pour la cr\u00e9ation d\u2019une \u00e9quipe commune d\u2019enqu\u00eate<\/strong><br \/>\nLien sur le <a href=\"http:\/\/eur-lex.europa.eu\/legal-content\/FR\/TXT\/?uri=CELEX:32017G0119(01)\" target=\"_blank\" rel=\"noopener\">site de l&rsquo;Union Europ\u00e9enne<\/a><strong><br \/>\n<\/strong><\/li>\n<\/ul>\n<p><strong>Trait\u00e9 d&rsquo;extradition et d&rsquo;entraide judiciaire en mati\u00e8re p\u00e9nale entre le royaume de Belgique, le Grand-duch\u00e9 de Luxembourg et le royaume des Pays-Bas<\/strong><br \/>\nLiens sur le <a href=\"https:\/\/www.consilium.europa.eu\/ueDocs\/cms_Data\/docs\/polju\/FR\/EJN220.pdf\" target=\"_blank\" rel=\"noopener\">site du Conseil europ\u00e9en<\/a><\/p>\n","protected":false},"excerpt":{"rendered":"<p>Coop\u00e9ration internationale: Convention europ\u00e9enne d&rsquo;entraide judiciaire en mati\u00e8re p\u00e9nale du 20 avril 1959 Lien sur le site du Conseil de l&rsquo;Europe Convention [&hellip;]<\/p>\n","protected":false},"author":1,"featured_media":0,"parent":63,"menu_order":0,"comment_status":"closed","ping_status":"closed","template":"","meta":{"footnotes":""},"class_list":["post-69","page","type-page","status-publish","hentry"],"_links":{"self":[{"href":"https:\/\/www.maxbraun.com\/perso\/wp-json\/wp\/v2\/pages\/69","targetHints":{"allow":["GET"]}}],"collection":[{"href":"https:\/\/www.maxbraun.com\/perso\/wp-json\/wp\/v2\/pages"}],"about":[{"href":"https:\/\/www.maxbraun.com\/perso\/wp-json\/wp\/v2\/types\/page"}],"author":[{"embeddable":true,"href":"https:\/\/www.maxbraun.com\/perso\/wp-json\/wp\/v2\/users\/1"}],"replies":[{"embeddable":true,"href":"https:\/\/www.maxbraun.com\/perso\/wp-json\/wp\/v2\/comments?post=69"}],"version-history":[{"count":5,"href":"https:\/\/www.maxbraun.com\/perso\/wp-json\/wp\/v2\/pages\/69\/revisions"}],"predecessor-version":[{"id":135,"href":"https:\/\/www.maxbraun.com\/perso\/wp-json\/wp\/v2\/pages\/69\/revisions\/135"}],"up":[{"embeddable":true,"href":"https:\/\/www.maxbraun.com\/perso\/wp-json\/wp\/v2\/pages\/63"}],"wp:attachment":[{"href":"https:\/\/www.maxbraun.com\/perso\/wp-json\/wp\/v2\/media?parent=69"}],"curies":[{"name":"wp","href":"https:\/\/api.w.org\/{rel}","templated":true}]}}