{"id":87,"date":"2017-02-12T17:26:29","date_gmt":"2017-02-12T16:26:29","guid":{"rendered":"https:\/\/www.maxbraun.com\/perso\/?page_id=87"},"modified":"2018-10-26T16:28:08","modified_gmt":"2018-10-26T14:28:08","slug":"legislation-liee","status":"publish","type":"page","link":"https:\/\/www.maxbraun.com\/perso\/legislation-nationale-lois\/legislation-liee\/","title":{"rendered":"L\u00e9gislation li\u00e9e"},"content":{"rendered":"<p><strong>Loi du 10 novembre 2009 relative aux services de paiement, \u00e0 l\u2019activit\u00e9 d\u2019\u00e9tablissement de monnaie \u00e9lectronique et au caract\u00e8re d\u00e9finitif du r\u00e8glement dans les syst\u00e8mes de paiement et les syst\u00e8mes de r\u00e8glement des op\u00e9rations sur titres et<\/strong><\/p>\n<p>portant transposition de la directive 2007\/64\/CE du Parlement europ\u00e9en et du Conseil du 13 novembre 2007 concernant les services de paiement dans le march\u00e9 int\u00e9rieur, modifiant les directives 97\/7\/CE, 2002\/65\/CE, 2005\/60\/CE, ainsi que 2006\/48\/CE et abrogeant la directive 97\/5\/CE<\/p>\n<p>portant modification de:<\/p>\n<ul>\n<li>la loi modifi\u00e9e du 5 avril 1993 relative au secteur financier<\/li>\n<li>la loi modifi\u00e9e du 12 novembre 2004 relative \u00e0 la lutte contre le blanchiment et contre le financement du terrorisme<\/li>\n<li>la loi du 18 d\u00e9cembre 2006 sur les services financiers \u00e0 distance<\/li>\n<li>la loi modifi\u00e9e du 15 d\u00e9cembre 2000 sur les services postaux et les services financiers postaux<\/li>\n<li>la loi du 13 juillet 2007 relative aux march\u00e9s d\u2019instruments financiers<\/li>\n<li>la loi modifi\u00e9e du 20 d\u00e9cembre 2002 concernant les organismes de placement collectif<\/li>\n<li>la loi modifi\u00e9e du 23 d\u00e9cembre 1998 portant cr\u00e9ation d\u2019une commission de surveillance du secteur financier<\/li>\n<li>la loi modifi\u00e9e du 23 d\u00e9cembre 1998 relative au statut mon\u00e9taire et \u00e0 la Banque centrale du Luxembourg<\/li>\n<li>la loi modifi\u00e9e du 6 d\u00e9cembre 1991 sur le secteur des assurances<\/li>\n<li>portant abrogation du titre VII de la loi modifi\u00e9e du 14 ao\u00fbt 2000 relative au commerce \u00e9lectronique<\/li>\n<\/ul>\n<p><a href=\"http:\/\/www.cssf.lu\/fileadmin\/files\/Lois_reglements\/Legislation\/Lois\/L_101109_sp_upd_270218.pdf\" target=\"_blank\" rel=\"noopener\">Version coordonn\u00e9e sur le site Internet de la CSSF<\/a><\/p>\n<p>&nbsp;<\/p>\n<p><strong>Loi du 23 d\u00e9cembre 2016 portant mise en \u0153uvre de la r\u00e9forme fiscale 2017 et portant modification de<\/strong><br \/>\n<a href=\"http:\/\/legilux.public.lu\/eli\/etat\/leg\/loi\/2016\/12\/23\/n11\/jo\" target=\"_blank\" rel=\"noopener\">Lien sur Legilux<\/a><\/p>\n<p>&nbsp;<\/p>\n<p><strong>Loi du 5 avril 1993 relative au secteur financier<\/strong><br \/>\n<a href=\"http:\/\/www.cssf.lu\/fileadmin\/files\/Lois_reglements\/Legislation\/Lois\/L_050493_lsf_upd230716.pdf\" target=\"_blank\" rel=\"noopener\">Version coordonn\u00e9e sur le site Internet de la CSSF<\/a><\/p>\n<p>&nbsp;<\/p>\n<p><strong>Loi du 31 mai 1999 r\u00e9gissant la domiciliation des soci\u00e9t\u00e9s<\/strong><br \/>\n<a href=\"http:\/\/data.legilux.public.lu\/file\/eli-etat-leg-recueil-soc_asso-20161227-fr-pdf.pdf\" target=\"_blank\" rel=\"noopener\">Recueil de l\u00e9gislation publi\u00e9 sur Legilux<\/a><\/p>\n<p>&nbsp;<\/p>\n<p><strong>Loi du 27 octobre 2010 portant organisation des contr\u00f4les du transport physique de l&rsquo;argent liquide entrant au, transitant par le ou sortant du Grand-Duch\u00e9 de Luxembourg<\/strong><br \/>\n<a href=\"http:\/\/legilux.public.lu\/eli\/etat\/leg\/loi\/2010\/10\/27\/n2\/jo\">Lien sur le site Legilux<\/a><\/p>\n","protected":false},"excerpt":{"rendered":"<p>Loi du 10 novembre 2009 relative aux services de paiement, \u00e0 l\u2019activit\u00e9 d\u2019\u00e9tablissement de monnaie \u00e9lectronique et au caract\u00e8re d\u00e9finitif du r\u00e8glement [&hellip;]<\/p>\n","protected":false},"author":1,"featured_media":0,"parent":36,"menu_order":0,"comment_status":"closed","ping_status":"closed","template":"","meta":{"footnotes":""},"class_list":["post-87","page","type-page","status-publish","hentry"],"_links":{"self":[{"href":"https:\/\/www.maxbraun.com\/perso\/wp-json\/wp\/v2\/pages\/87","targetHints":{"allow":["GET"]}}],"collection":[{"href":"https:\/\/www.maxbraun.com\/perso\/wp-json\/wp\/v2\/pages"}],"about":[{"href":"https:\/\/www.maxbraun.com\/perso\/wp-json\/wp\/v2\/types\/page"}],"author":[{"embeddable":true,"href":"https:\/\/www.maxbraun.com\/perso\/wp-json\/wp\/v2\/users\/1"}],"replies":[{"embeddable":true,"href":"https:\/\/www.maxbraun.com\/perso\/wp-json\/wp\/v2\/comments?post=87"}],"version-history":[{"count":8,"href":"https:\/\/www.maxbraun.com\/perso\/wp-json\/wp\/v2\/pages\/87\/revisions"}],"predecessor-version":[{"id":186,"href":"https:\/\/www.maxbraun.com\/perso\/wp-json\/wp\/v2\/pages\/87\/revisions\/186"}],"up":[{"embeddable":true,"href":"https:\/\/www.maxbraun.com\/perso\/wp-json\/wp\/v2\/pages\/36"}],"wp:attachment":[{"href":"https:\/\/www.maxbraun.com\/perso\/wp-json\/wp\/v2\/media?parent=87"}],"curies":[{"name":"wp","href":"https:\/\/api.w.org\/{rel}","templated":true}]}}